{"id":16,"date":"2025-01-22T19:08:58","date_gmt":"2025-01-22T16:08:58","guid":{"rendered":"https:\/\/dimax.md\/testimonials\/"},"modified":"2025-03-13T10:30:58","modified_gmt":"2025-03-13T07:30:58","slug":"testimonials","status":"publish","type":"page","link":"https:\/\/dimax.md\/ru\/testimonials\/","title":{"rendered":"Testimoniale"},"content":{"rendered":"<div data-elementor-type=\"wp-post\" data-elementor-id=\"16\" class=\"elementor elementor-16\">\n\t\t\t\t<div class=\"elementor-element elementor-element-1baa0c3 e-flex e-con-boxed e-con e-parent\" data-id=\"1baa0c3\" data-element_type=\"container\" data-settings=\"{&quot;background_background&quot;:&quot;classic&quot;}\">\n\t\t\t\t\t<div class=\"e-con-inner\">\n\t\t<div class=\"elementor-element elementor-element-33442cc e-con-full e-flex e-con e-child\" data-id=\"33442cc\" data-element_type=\"container\">\n\t\t\t\t<div class=\"elementor-element elementor-element-571956f elementor-widget elementor-widget-heading\" data-id=\"571956f\" data-element_type=\"widget\" data-widget_type=\"heading.default\">\n\t\t\t\t<div class=\"elementor-widget-container\">\n\t\t\t\t\t<h6 class=\"elementor-heading-title elementor-size-default\">\u0421\u0447\u0430\u0441\u0442\u043b\u0438\u0432\u044b\u0435 \u043a\u043b\u0438\u0435\u043d\u0442\u044b!<\/h6>\t\t\t\t<\/div>\n\t\t\t\t<\/div>\n\t\t\t\t<div class=\"elementor-element elementor-element-d1e2c76 elementor-widget elementor-widget-heading\" data-id=\"d1e2c76\" data-element_type=\"widget\" data-widget_type=\"heading.default\">\n\t\t\t\t<div class=\"elementor-widget-container\">\n\t\t\t\t\t<h1 class=\"elementor-heading-title elementor-size-default\">\u041e\u0442\u0437\u044b\u0432\u044b<\/h1>\t\t\t\t<\/div>\n\t\t\t\t<\/div>\n\t\t\t\t<div class=\"elementor-element elementor-element-b5e2906 elementor-widget elementor-widget-heading\" data-id=\"b5e2906\" data-element_type=\"widget\" data-widget_type=\"heading.default\">\n\t\t\t\t<div class=\"elementor-widget-container\">\n\t\t\t\t\t<h3 class=\"elementor-heading-title elementor-size-default\">\u041d\u0435 \u0432\u0435\u0440\u044c\u0442\u0435 \u043d\u0430\u043c \u043d\u0430 \u0441\u043b\u043e\u0432\u043e! \u041f\u043e\u0441\u043b\u0443\u0448\u0430\u0439\u0442\u0435, \u0447\u0442\u043e \u0433\u043e\u0432\u043e\u0440\u044f\u0442 \u043e \u043d\u0430\u0441 \u0434\u0440\u0443\u0433\u0438\u0435.<\/h3>\t\t\t\t<\/div>\n\t\t\t\t<\/div>\n\t\t\t\t<div class=\"elementor-element elementor-element-1b4432f elementor-widget-divider--view-line elementor-widget elementor-widget-divider\" data-id=\"1b4432f\" data-element_type=\"widget\" data-widget_type=\"divider.default\">\n\t\t\t\t<div class=\"elementor-widget-container\">\n\t\t\t\t\t\t\t<div class=\"elementor-divider\">\n\t\t\t<span class=\"elementor-divider-separator\">\n\t\t\t\t\t\t<\/span>\n\t\t<\/div>\n\t\t\t\t\t\t<\/div>\n\t\t\t\t<\/div>\n\t\t\t\t<\/div>\n\t\t\t\t\t<\/div>\n\t\t\t\t<\/div>\n\t\t<div class=\"elementor-element elementor-element-8005a27 e-con-full e-flex e-con e-parent\" data-id=\"8005a27\" data-element_type=\"container\" data-settings=\"{&quot;background_background&quot;:&quot;classic&quot;}\">\n\t\t<div class=\"elementor-element elementor-element-5dca1e6 e-con-full e-flex e-con e-child\" data-id=\"5dca1e6\" data-element_type=\"container\">\n\t\t<div class=\"elementor-element elementor-element-d43dd61 e-flex e-con-boxed e-con e-child\" data-id=\"d43dd61\" data-element_type=\"container\">\n\t\t\t\t\t<div class=\"e-con-inner\">\n\t\t<div class=\"elementor-element elementor-element-685e2fc e-con-full e-flex e-con e-child\" data-id=\"685e2fc\" data-element_type=\"container\" data-settings=\"{&quot;background_background&quot;:&quot;classic&quot;}\">\n\t\t\t\t<div class=\"elementor-element elementor-element-17683b5 elementor-widget elementor-widget-testimonial\" data-id=\"17683b5\" data-element_type=\"widget\" data-widget_type=\"testimonial.default\">\n\t\t\t\t<div class=\"elementor-widget-container\">\n\t\t\t\t\t\t\t<div class=\"elementor-testimonial-wrapper\">\n\t\t\t\t\t\t\t<div class=\"elementor-testimonial-content\">\"\u041e\u0433\u0440\u043e\u043c\u043d\u043e\u0435 \u0441\u043f\u0430\u0441\u0438\u0431\u043e \u0432\u0430\u0448\u0435\u0439 \u043a\u043e\u043c\u0430\u043d\u0434\u0435! \u0420\u0435\u043c\u043e\u043d\u0442 \u043a\u0432\u0430\u0440\u0442\u0438\u0440\u044b \u0431\u044b\u043b \u0432\u044b\u043f\u043e\u043b\u043d\u0435\u043d \u0431\u044b\u0441\u0442\u0440\u043e \u0438 \u043a\u0430\u0447\u0435\u0441\u0442\u0432\u0435\u043d\u043d\u043e, \u0430 \u0440\u0435\u0437\u0443\u043b\u044c\u0442\u0430\u0442 \u043f\u0440\u0435\u0432\u0437\u043e\u0448\u0435\u043b \u0432\u0441\u0435 \u043e\u0436\u0438\u0434\u0430\u043d\u0438\u044f. \u041a\u0430\u0436\u0434\u044b\u0439 \u044d\u0442\u0430\u043f \u0431\u044b\u043b \u043f\u0440\u043e\u0434\u0443\u043c\u0430\u043d, \u0430 \u043c\u0430\u0442\u0435\u0440\u0438\u0430\u043b\u044b \u043f\u043e\u0434\u043e\u0431\u0440\u0430\u043d\u044b \u0441 \u0443\u0447\u0435\u0442\u043e\u043c \u043c\u043e\u0438\u0445 \u043f\u043e\u0436\u0435\u043b\u0430\u043d\u0438\u0439. \u041e\u0447\u0435\u043d\u044c \u0434\u043e\u0432\u043e\u043b\u0435\u043d!\"<\/div>\n\t\t\t\n\t\t\t\t\t\t<div class=\"elementor-testimonial-meta elementor-has-image elementor-testimonial-image-position-aside\">\n\t\t\t\t<div class=\"elementor-testimonial-meta-inner\">\n\t\t\t\t\t\t\t\t\t\t\t<div class=\"elementor-testimonial-image\">\n\t\t\t\t\t\t\t<img decoding=\"async\" width=\"146\" height=\"150\" src=\"https:\/\/dimax.md\/wp-content\/uploads\/2025\/02\/man-5208156_150-5208156.jpg\" class=\"attachment-large size-large wp-image-2935\" alt=\"man, nature, beach, hat, ocean, happy, sea, water, sand, seashore, man, man, man, man, man\" srcset=\"https:\/\/dimax.md\/wp-content\/uploads\/2025\/02\/man-5208156_150-5208156.jpg 146w, https:\/\/dimax.md\/wp-content\/uploads\/2025\/02\/man-5208156_150-5208156-12x12.jpg 12w\" sizes=\"(max-width: 146px) 100vw, 146px\" \/>\t\t\t\t\t\t<\/div>\n\t\t\t\t\t\n\t\t\t\t\t\t\t\t\t\t<div class=\"elementor-testimonial-details\">\n\t\t\t\t\t\t\t\t\t\t\t\t\t\t<div class=\"elementor-testimonial-name\">Ion C.<\/div>\n\t\t\t\t\t\t\t\t\t\t\t\t\t\t\t\t\t\t\t<\/div>\n\t\t\t\t\t\t\t\t\t<\/div>\n\t\t\t<\/div>\n\t\t\t\t\t<\/div>\n\t\t\t\t\t\t<\/div>\n\t\t\t\t<\/div>\n\t\t\t\t<div class=\"elementor-element elementor-element-d305515 elementor-widget elementor-widget-testimonial\" data-id=\"d305515\" data-element_type=\"widget\" data-widget_type=\"testimonial.default\">\n\t\t\t\t<div class=\"elementor-widget-container\">\n\t\t\t\t\t\t\t<div class=\"elementor-testimonial-wrapper\">\n\t\t\t\t\t\t\t<div class=\"elementor-testimonial-content\">\"Am apelat la compania dumneavoastr\u0103 pentru renovarea casei la cheie \u0219i nu am regretat. Lucr\u0103rile au fost realizate la timp, iar calitatea a dep\u0103\u0219it toate a\u0219tept\u0103rile. O abordare excelent\u0103 pentru fiecare client, se simte profesionalismul \u00een fiecare detaliu!\"<\/div>\n\t\t\t\n\t\t\t\t\t\t<div class=\"elementor-testimonial-meta elementor-has-image elementor-testimonial-image-position-aside\">\n\t\t\t\t<div class=\"elementor-testimonial-meta-inner\">\n\t\t\t\t\t\t\t\t\t\t\t<div class=\"elementor-testimonial-image\">\n\t\t\t\t\t\t\t<img decoding=\"async\" width=\"195\" height=\"130\" src=\"https:\/\/dimax.md\/wp-content\/uploads\/2025\/02\/pexels-photo-712513-712513.jpg\" class=\"attachment-large size-large wp-image-2936\" alt=\"Portrait of a smiling woman holding a coffee cup in a serene autumn park setting.\" srcset=\"https:\/\/dimax.md\/wp-content\/uploads\/2025\/02\/pexels-photo-712513-712513.jpg 195w, https:\/\/dimax.md\/wp-content\/uploads\/2025\/02\/pexels-photo-712513-712513-18x12.jpg 18w\" sizes=\"(max-width: 195px) 100vw, 195px\" \/>\t\t\t\t\t\t<\/div>\n\t\t\t\t\t\n\t\t\t\t\t\t\t\t\t\t<div class=\"elementor-testimonial-details\">\n\t\t\t\t\t\t\t\t\t\t\t\t\t\t<div class=\"elementor-testimonial-name\">Ana M.<\/div>\n\t\t\t\t\t\t\t\t\t\t\t\t\t\t\t\t\t\t\t<\/div>\n\t\t\t\t\t\t\t\t\t<\/div>\n\t\t\t<\/div>\n\t\t\t\t\t<\/div>\n\t\t\t\t\t\t<\/div>\n\t\t\t\t<\/div>\n\t\t\t\t<div class=\"elementor-element elementor-element-2e2647d elementor-widget elementor-widget-testimonial\" data-id=\"2e2647d\" data-element_type=\"widget\" data-widget_type=\"testimonial.default\">\n\t\t\t\t<div class=\"elementor-widget-container\">\n\t\t\t\t\t\t\t<div class=\"elementor-testimonial-wrapper\">\n\t\t\t\t\t\t\t<div class=\"elementor-testimonial-content\">\"\u042f \u0434\u043e\u043b\u0433\u043e \u0438\u0441\u043a\u0430\u043b \u043d\u0430\u0434\u0435\u0436\u043d\u0443\u044e \u0444\u0438\u0440\u043c\u0443 \u0434\u043b\u044f \u043a\u0430\u043f\u0438\u0442\u0430\u043b\u044c\u043d\u043e\u0433\u043e \u0440\u0435\u043c\u043e\u043d\u0442\u0430 \u0434\u043e\u043c\u0430, \u0438, \u0447\u0435\u0441\u0442\u043d\u043e \u0433\u043e\u0432\u043e\u0440\u044f, \u0431\u044b\u043b \u0433\u043e\u0442\u043e\u0432 \u043a \u043d\u0435\u043e\u0436\u0438\u0434\u0430\u043d\u043d\u043e\u0441\u0442\u044f\u043c. \u041d\u043e \u044d\u0442\u043e\u0442 \u0440\u0435\u043c\u043e\u043d\u0442 \u043f\u0440\u0435\u0432\u0437\u043e\u0448\u0435\u043b \u0432\u0441\u0435 \u043c\u043e\u0438 \u043e\u0436\u0438\u0434\u0430\u043d\u0438\u044f. \u041c\u043d\u0435 \u043f\u0440\u0435\u0434\u043b\u043e\u0436\u0438\u043b\u0438 \u043d\u0435\u0441\u043a\u043e\u043b\u044c\u043a\u043e \u0432\u0430\u0440\u0438\u0430\u043d\u0442\u043e\u0432 \u043f\u043b\u0430\u043d\u0438\u0440\u043e\u0432\u043a\u0438, \u0430 \u0441\u0430\u043c\u043e\u0435 \u0433\u043b\u0430\u0432\u043d\u043e\u0435 \u2013 \u0443\u0447\u043b\u0438 \u0432\u0441\u0435 \u043c\u043e\u0438 \u043f\u043e\u0436\u0435\u043b\u0430\u043d\u0438\u044f. \u0420\u0430\u0431\u043e\u0442\u044b \u0448\u043b\u0438 \u0447\u0435\u0442\u043a\u043e \u043f\u043e \u0433\u0440\u0430\u0444\u0438\u043a\u0443, \u0431\u0435\u0437 \u0437\u0430\u0434\u0435\u0440\u0436\u0435\u043a, \u0430 \u043a\u0430\u0447\u0435\u0441\u0442\u0432\u043e \u0438\u0441\u043f\u043e\u043b\u043d\u0435\u043d\u0438\u044f \u043f\u0440\u043e\u0441\u0442\u043e \u043e\u0442\u043b\u0438\u0447\u043d\u043e\u0435. \u0414\u0430\u0436\u0435 \u0441\u0430\u043c\u044b\u0435 \u043c\u0435\u043b\u043a\u0438\u0435 \u0434\u0435\u0442\u0430\u043b\u0438 \u0431\u044b\u043b\u0438 \u043f\u0440\u043e\u0434\u0443\u043c\u0430\u043d\u044b! \u0414\u043e\u043c \u043f\u0440\u0435\u043e\u0431\u0440\u0430\u0437\u0438\u043b\u0441\u044f, \u0438 \u0442\u0435\u043f\u0435\u0440\u044c \u044f \u0441 \u0443\u0432\u0435\u0440\u0435\u043d\u043d\u043e\u0441\u0442\u044c\u044e \u043c\u043e\u0433\u0443 \u0440\u0435\u043a\u043e\u043c\u0435\u043d\u0434\u043e\u0432\u0430\u0442\u044c \u044d\u0442\u0443 \u043a\u043e\u043c\u043f\u0430\u043d\u0438\u044e \u0432\u0441\u0435\u043c, \u043a\u0442\u043e \u0445\u043e\u0447\u0435\u0442 \u0441\u0434\u0435\u043b\u0430\u0442\u044c \u0440\u0435\u043c\u043e\u043d\u0442 \u0431\u0435\u0437 \u043d\u0435\u0440\u0432\u043e\u0432 \u0438 \u043f\u043e\u0442\u0435\u0440\u044c.\"<\/div>\n\t\t\t\n\t\t\t\t\t\t<div class=\"elementor-testimonial-meta elementor-has-image elementor-testimonial-image-position-aside\">\n\t\t\t\t<div class=\"elementor-testimonial-meta-inner\">\n\t\t\t\t\t\t\t\t\t\t\t<div class=\"elementor-testimonial-image\">\n\t\t\t\t\t\t\t<img fetchpriority=\"high\" decoding=\"async\" width=\"683\" height=\"1024\" src=\"https:\/\/dimax.md\/wp-content\/uploads\/2025\/02\/pexels-photo-1043471-1043471-683x1024.jpg\" class=\"attachment-large size-large wp-image-2982\" alt=\"Confident young man in sunglasses poses outdoors in casual attire, exuding style and charisma.\" srcset=\"https:\/\/dimax.md\/wp-content\/uploads\/2025\/02\/pexels-photo-1043471-1043471-683x1024.jpg 683w, https:\/\/dimax.md\/wp-content\/uploads\/2025\/02\/pexels-photo-1043471-1043471-200x300.jpg 200w, https:\/\/dimax.md\/wp-content\/uploads\/2025\/02\/pexels-photo-1043471-1043471-768x1152.jpg 768w, https:\/\/dimax.md\/wp-content\/uploads\/2025\/02\/pexels-photo-1043471-1043471-1024x1536.jpg 1024w, https:\/\/dimax.md\/wp-content\/uploads\/2025\/02\/pexels-photo-1043471-1043471-1365x2048.jpg 1365w, https:\/\/dimax.md\/wp-content\/uploads\/2025\/02\/pexels-photo-1043471-1043471-8x12.jpg 8w, https:\/\/dimax.md\/wp-content\/uploads\/2025\/02\/pexels-photo-1043471-1043471-scaled.jpg 1707w\" sizes=\"(max-width: 683px) 100vw, 683px\" \/>\t\t\t\t\t\t<\/div>\n\t\t\t\t\t\n\t\t\t\t\t\t\t\t\t\t<div class=\"elementor-testimonial-details\">\n\t\t\t\t\t\t\t\t\t\t\t\t\t\t<div class=\"elementor-testimonial-name\">Victor C.<\/div>\n\t\t\t\t\t\t\t\t\t\t\t\t\t\t\t\t\t\t\t<\/div>\n\t\t\t\t\t\t\t\t\t<\/div>\n\t\t\t<\/div>\n\t\t\t\t\t<\/div>\n\t\t\t\t\t\t<\/div>\n\t\t\t\t<\/div>\n\t\t\t\t<\/div>\n\t\t<div class=\"elementor-element elementor-element-971550d e-con-full e-flex e-con e-child\" data-id=\"971550d\" data-element_type=\"container\" data-settings=\"{&quot;background_background&quot;:&quot;classic&quot;}\">\n\t\t\t\t<div class=\"elementor-element elementor-element-7475f99 elementor-widget elementor-widget-testimonial\" data-id=\"7475f99\" data-element_type=\"widget\" data-widget_type=\"testimonial.default\">\n\t\t\t\t<div class=\"elementor-widget-container\">\n\t\t\t\t\t\t\t<div class=\"elementor-testimonial-wrapper\">\n\t\t\t\t\t\t\t<div class=\"elementor-testimonial-content\">\"\u0420\u0435\u043c\u043e\u043d\u0442 \u043e\u0444\u0438\u0441\u0430 \u043e\u043a\u0430\u0437\u0430\u043b\u0441\u044f \u043d\u0430\u0441\u0442\u043e\u044f\u0449\u0438\u043c \u0432\u044b\u0437\u043e\u0432\u043e\u043c, \u043d\u043e \u0432\u0430\u0448\u0430 \u043a\u043e\u043c\u0430\u043d\u0434\u0430 \u0441\u043f\u0440\u0430\u0432\u0438\u043b\u0430\u0441\u044c \u0441 \u0437\u0430\u0434\u0430\u0447\u0435\u0439 \u043d\u0430 \u0432\u044b\u0441\u0448\u0435\u043c \u0443\u0440\u043e\u0432\u043d\u0435. \u0422\u0435\u043f\u0435\u0440\u044c \u043d\u0430\u0448 \u043e\u0444\u0438\u0441 \u0441\u0442\u0430\u043b \u043d\u0435 \u0442\u043e\u043b\u044c\u043a\u043e \u0443\u0434\u043e\u0431\u043d\u044b\u043c, \u043d\u043e \u0438 \u0441\u0442\u0438\u043b\u044c\u043d\u044b\u043c. \u041f\u0440\u0438\u044f\u0442\u043d\u043e \u0440\u0430\u0431\u043e\u0442\u0430\u0442\u044c \u0441 \u0442\u0430\u043a\u0438\u043c\u0438 \u043f\u0440\u043e\u0444\u0435\u0441\u0441\u0438\u043e\u043d\u0430\u043b\u0430\u043c\u0438!\"<\/div>\n\t\t\t\n\t\t\t\t\t\t<div class=\"elementor-testimonial-meta elementor-has-image elementor-testimonial-image-position-aside\">\n\t\t\t\t<div class=\"elementor-testimonial-meta-inner\">\n\t\t\t\t\t\t\t\t\t\t\t<div class=\"elementor-testimonial-image\">\n\t\t\t\t\t\t\t<img loading=\"lazy\" decoding=\"async\" width=\"195\" height=\"130\" src=\"https:\/\/dimax.md\/wp-content\/uploads\/2025\/02\/pexels-photo-1212984-1212984.jpg\" class=\"attachment-large size-large wp-image-2937\" alt=\"Portrait of a smiling man wearing sunglasses outdoors, showcasing modern fashion and style.\" srcset=\"https:\/\/dimax.md\/wp-content\/uploads\/2025\/02\/pexels-photo-1212984-1212984.jpg 195w, https:\/\/dimax.md\/wp-content\/uploads\/2025\/02\/pexels-photo-1212984-1212984-18x12.jpg 18w\" sizes=\"(max-width: 195px) 100vw, 195px\" \/>\t\t\t\t\t\t<\/div>\n\t\t\t\t\t\n\t\t\t\t\t\t\t\t\t\t<div class=\"elementor-testimonial-details\">\n\t\t\t\t\t\t\t\t\t\t\t\t\t\t<div class=\"elementor-testimonial-name\">Vlad P.<\/div>\n\t\t\t\t\t\t\t\t\t\t\t\t\t\t\t\t\t\t\t<\/div>\n\t\t\t\t\t\t\t\t\t<\/div>\n\t\t\t<\/div>\n\t\t\t\t\t<\/div>\n\t\t\t\t\t\t<\/div>\n\t\t\t\t<\/div>\n\t\t\t\t<div class=\"elementor-element elementor-element-0b5815d elementor-widget elementor-widget-testimonial\" data-id=\"0b5815d\" data-element_type=\"widget\" data-widget_type=\"testimonial.default\">\n\t\t\t\t<div class=\"elementor-widget-container\">\n\t\t\t\t\t\t\t<div class=\"elementor-testimonial-wrapper\">\n\t\t\t\t\t\t\t<div class=\"elementor-testimonial-content\">\u201eRenovarea este \u00eentotdeauna un stres, dar cu aceast\u0103 companie m-am sim\u021bit pe m\u00e2ini sigure. Totul a fost organizat clar \u00eenc\u0103 de la \u00eenceput: devizul a fost transparent, f\u0103r\u0103 costuri ascunse, termenele au fost stabilite \u0219i, cel mai important, respectate! Me\u0219terii au lucrat cu grij\u0103, au l\u0103sat mereu cur\u0103\u021benie \u00een urma lor, iar calitatea este pur \u0219i simplu excep\u021bional\u0103. M-au ajutat s\u0103 aleg materialele potrivite \u0219i mi-au oferit solu\u021bii de design ingenioase, la care nici nu m-a\u0219 fi g\u00e2ndit. Acum, apartamentul meu arat\u0103 stilat, confortabil \u0219i modern. Mul\u021bumesc \u00eentregii echipe pentru profesionalism!\u201d<\/div>\n\t\t\t\n\t\t\t\t\t\t<div class=\"elementor-testimonial-meta elementor-has-image elementor-testimonial-image-position-aside\">\n\t\t\t\t<div class=\"elementor-testimonial-meta-inner\">\n\t\t\t\t\t\t\t\t\t\t\t<div class=\"elementor-testimonial-image\">\n\t\t\t\t\t\t\t<img loading=\"lazy\" decoding=\"async\" width=\"1024\" height=\"683\" src=\"https:\/\/dimax.md\/wp-content\/uploads\/2025\/02\/pexels-photo-247287-247287-1024x683.jpg\" class=\"attachment-large size-large wp-image-2981\" alt=\"Close-up portrait of an elegant woman with bold makeup and fashionable attire, exuding confidence.\" srcset=\"https:\/\/dimax.md\/wp-content\/uploads\/2025\/02\/pexels-photo-247287-247287-1024x683.jpg 1024w, https:\/\/dimax.md\/wp-content\/uploads\/2025\/02\/pexels-photo-247287-247287-300x200.jpg 300w, https:\/\/dimax.md\/wp-content\/uploads\/2025\/02\/pexels-photo-247287-247287-768x512.jpg 768w, https:\/\/dimax.md\/wp-content\/uploads\/2025\/02\/pexels-photo-247287-247287-1536x1024.jpg 1536w, https:\/\/dimax.md\/wp-content\/uploads\/2025\/02\/pexels-photo-247287-247287-2048x1366.jpg 2048w, https:\/\/dimax.md\/wp-content\/uploads\/2025\/02\/pexels-photo-247287-247287-18x12.jpg 18w\" sizes=\"(max-width: 1024px) 100vw, 1024px\" \/>\t\t\t\t\t\t<\/div>\n\t\t\t\t\t\n\t\t\t\t\t\t\t\t\t\t<div class=\"elementor-testimonial-details\">\n\t\t\t\t\t\t\t\t\t\t\t\t\t\t<div class=\"elementor-testimonial-name\">Oxana S.<\/div>\n\t\t\t\t\t\t\t\t\t\t\t\t\t\t\t\t\t\t\t<\/div>\n\t\t\t\t\t\t\t\t\t<\/div>\n\t\t\t<\/div>\n\t\t\t\t\t<\/div>\n\t\t\t\t\t\t<\/div>\n\t\t\t\t<\/div>\n\t\t\t\t<div class=\"elementor-element elementor-element-9fd299c elementor-widget elementor-widget-testimonial\" data-id=\"9fd299c\" data-element_type=\"widget\" data-widget_type=\"testimonial.default\">\n\t\t\t\t<div class=\"elementor-widget-container\">\n\t\t\t\t\t\t\t<div class=\"elementor-testimonial-wrapper\">\n\t\t\t\t\t\t\t<div class=\"elementor-testimonial-content\">\u201eAm comandat o renovare la cheie pentru noul nostru apartament. La \u00eenceput, ne f\u0103ceam griji c\u0103 va trebui s\u0103 supraveghem fiecare etap\u0103, dar compania \u0219i-a asumat toate responsabilit\u0103\u021bile. Totul a fost realizat perfect. Ne-au ajutat chiar \u0219i cu achizi\u021bia \u0219i livrarea materialelor, ceea ce ne-a economisit mult timp. Rezultatul final este pur \u0219i simplu uimitor! Un apartament spa\u021bios, luminos, cu un design bine g\u00e2ndit \u0219i finisaje de calitate. Mul\u021bumim pentru onestitate, profesionalism \u0219i o munc\u0103 excelent\u0103!\u201d<\/div>\n\t\t\t\n\t\t\t\t\t\t<div class=\"elementor-testimonial-meta elementor-has-image elementor-testimonial-image-position-aside\">\n\t\t\t\t<div class=\"elementor-testimonial-meta-inner\">\n\t\t\t\t\t\t\t\t\t\t\t<div class=\"elementor-testimonial-image\">\n\t\t\t\t\t\t\t<img loading=\"lazy\" decoding=\"async\" width=\"683\" height=\"1024\" src=\"https:\/\/dimax.md\/wp-content\/uploads\/2025\/02\/pexels-photo-30643819-30643819-683x1024.jpg\" class=\"attachment-large size-large wp-image-2983\" alt=\"pexels-photo-30643819-30643819.jpg\" srcset=\"https:\/\/dimax.md\/wp-content\/uploads\/2025\/02\/pexels-photo-30643819-30643819-683x1024.jpg 683w, https:\/\/dimax.md\/wp-content\/uploads\/2025\/02\/pexels-photo-30643819-30643819-200x300.jpg 200w, https:\/\/dimax.md\/wp-content\/uploads\/2025\/02\/pexels-photo-30643819-30643819-768x1152.jpg 768w, https:\/\/dimax.md\/wp-content\/uploads\/2025\/02\/pexels-photo-30643819-30643819-1024x1536.jpg 1024w, https:\/\/dimax.md\/wp-content\/uploads\/2025\/02\/pexels-photo-30643819-30643819-1365x2048.jpg 1365w, https:\/\/dimax.md\/wp-content\/uploads\/2025\/02\/pexels-photo-30643819-30643819-8x12.jpg 8w, https:\/\/dimax.md\/wp-content\/uploads\/2025\/02\/pexels-photo-30643819-30643819-scaled.jpg 1707w\" sizes=\"(max-width: 683px) 100vw, 683px\" \/>\t\t\t\t\t\t<\/div>\n\t\t\t\t\t\n\t\t\t\t\t\t\t\t\t\t<div class=\"elementor-testimonial-details\">\n\t\t\t\t\t\t\t\t\t\t\t\t\t\t<div class=\"elementor-testimonial-name\">Igor & Marina K.<\/div>\n\t\t\t\t\t\t\t\t\t\t\t\t\t\t\t\t\t\t\t<\/div>\n\t\t\t\t\t\t\t\t\t<\/div>\n\t\t\t<\/div>\n\t\t\t\t\t<\/div>\n\t\t\t\t\t\t<\/div>\n\t\t\t\t<\/div>\n\t\t\t\t<\/div>\n\t\t\t\t\t<\/div>\n\t\t\t\t<\/div>\n\t\t\t\t<\/div>\n\t\t\t\t<\/div>\n\t\t\t\t<\/div>","protected":false},"excerpt":{"rendered":"<p>Clien\u021bi ferici\u021bi! Recenzii Nu ne crede\u021bi pe cuv\u00e2nt! Asculta\u021bi ce spun al\u021bii despre noi. &#8222;\u041e\u0433\u0440\u043e\u043c\u043d\u043e\u0435 \u0441\u043f\u0430\u0441\u0438\u0431\u043e \u0432\u0430\u0448\u0435\u0439 \u043a\u043e\u043c\u0430\u043d\u0434\u0435! \u0420\u0435\u043c\u043e\u043d\u0442 \u043a\u0432\u0430\u0440\u0442\u0438\u0440\u044b \u0431\u044b\u043b \u0432\u044b\u043f\u043e\u043b\u043d\u0435\u043d \u0431\u044b\u0441\u0442\u0440\u043e \u0438 \u043a\u0430\u0447\u0435\u0441\u0442\u0432\u0435\u043d\u043d\u043e, \u0430 \u0440\u0435\u0437\u0443\u043b\u044c\u0442\u0430\u0442 \u043f\u0440\u0435\u0432\u0437\u043e\u0448\u0435\u043b \u0432\u0441\u0435 \u043e\u0436\u0438\u0434\u0430\u043d\u0438\u044f. \u041a\u0430\u0436\u0434\u044b\u0439 \u044d\u0442\u0430\u043f \u0431\u044b\u043b \u043f\u0440\u043e\u0434\u0443\u043c\u0430\u043d, \u0430 \u043c\u0430\u0442\u0435\u0440\u0438\u0430\u043b\u044b \u043f\u043e\u0434\u043e\u0431\u0440\u0430\u043d\u044b \u0441 \u0443\u0447\u0435\u0442\u043e\u043c \u043c\u043e\u0438\u0445 \u043f\u043e\u0436\u0435\u043b\u0430\u043d\u0438\u0439. \u041e\u0447\u0435\u043d\u044c \u0434\u043e\u0432\u043e\u043b\u0435\u043d!&#8221; Ion C. &#8222;Am apelat la compania dumneavoastr\u0103 pentru renovarea casei la cheie [&hellip;]<\/p>","protected":false},"author":33,"featured_media":0,"parent":0,"menu_order":0,"comment_status":"closed","ping_status":"closed","template":"","meta":{"_surecart_dashboard_logo_width":"180px","_surecart_dashboard_show_logo":true,"_surecart_dashboard_navigation_orders":true,"_surecart_dashboard_navigation_invoices":true,"_surecart_dashboard_navigation_subscriptions":true,"_surecart_dashboard_navigation_downloads":true,"_surecart_dashboard_navigation_billing":true,"_surecart_dashboard_navigation_account":true,"_uag_custom_page_level_css":"","site-sidebar-layout":"no-sidebar","site-content-layout":"page-builder","ast-site-content-layout":"","site-content-style":"default","site-sidebar-style":"default","ast-global-header-display":"","ast-banner-title-visibility":"","ast-main-header-display":"","ast-hfb-above-header-display":"","ast-hfb-below-header-display":"","ast-hfb-mobile-header-display":"","site-post-title":"disabled","ast-breadcrumbs-content":"","ast-featured-img":"disabled","footer-sml-layout":"","theme-transparent-header-meta":"enabled","adv-header-id-meta":"","stick-header-meta":"","header-above-stick-meta":"","header-main-stick-meta":"","header-below-stick-meta":"","astra-migrate-meta-layouts":"default","ast-page-background-enabled":"default","ast-page-background-meta":{"desktop":{"background-color":"","background-image":"","background-repeat":"repeat","background-position":"center center","background-size":"auto","background-attachment":"scroll","background-type":"","background-media":"","overlay-type":"","overlay-color":"","overlay-opacity":"","overlay-gradient":""},"tablet":{"background-color":"","background-image":"","background-repeat":"repeat","background-position":"center center","background-size":"auto","background-attachment":"scroll","background-type":"","background-media":"","overlay-type":"","overlay-color":"","overlay-opacity":"","overlay-gradient":""},"mobile":{"background-color":"","background-image":"","background-repeat":"repeat","background-position":"center center","background-size":"auto","background-attachment":"scroll","background-type":"","background-media":"","overlay-type":"","overlay-color":"","overlay-opacity":"","overlay-gradient":""}},"ast-content-background-meta":{"desktop":{"background-color":"var(--ast-global-color-5)","background-image":"","background-repeat":"repeat","background-position":"center center","background-size":"auto","background-attachment":"scroll","background-type":"","background-media":"","overlay-type":"","overlay-color":"","overlay-opacity":"","overlay-gradient":""},"tablet":{"background-color":"var(--ast-global-color-5)","background-image":"","background-repeat":"repeat","background-position":"center center","background-size":"auto","background-attachment":"scroll","background-type":"","background-media":"","overlay-type":"","overlay-color":"","overlay-opacity":"","overlay-gradient":""},"mobile":{"background-color":"var(--ast-global-color-5)","background-image":"","background-repeat":"repeat","background-position":"center center","background-size":"auto","background-attachment":"scroll","background-type":"","background-media":"","overlay-type":"","overlay-color":"","overlay-opacity":"","overlay-gradient":""}},"footnotes":""},"class_list":["post-16","page","type-page","status-publish","hentry"],"uagb_featured_image_src":{"full":false,"thumbnail":false,"medium":false,"medium_large":false,"large":false,"1536x1536":false,"2048x2048":false,"trp-custom-language-flag":false},"uagb_author_info":{"display_name":"1V1ww9","author_link":"https:\/\/dimax.md\/ru\/author\/1v1ww9\/"},"uagb_comment_info":0,"uagb_excerpt":"Clien\u021bi ferici\u021bi! Recenzii Nu ne crede\u021bi pe cuv\u00e2nt! Asculta\u021bi ce spun al\u021bii despre noi. &#8222;\u041e\u0433\u0440\u043e\u043c\u043d\u043e\u0435 \u0441\u043f\u0430\u0441\u0438\u0431\u043e \u0432\u0430\u0448\u0435\u0439 \u043a\u043e\u043c\u0430\u043d\u0434\u0435! \u0420\u0435\u043c\u043e\u043d\u0442 \u043a\u0432\u0430\u0440\u0442\u0438\u0440\u044b \u0431\u044b\u043b \u0432\u044b\u043f\u043e\u043b\u043d\u0435\u043d \u0431\u044b\u0441\u0442\u0440\u043e \u0438 \u043a\u0430\u0447\u0435\u0441\u0442\u0432\u0435\u043d\u043d\u043e, \u0430 \u0440\u0435\u0437\u0443\u043b\u044c\u0442\u0430\u0442 \u043f\u0440\u0435\u0432\u0437\u043e\u0448\u0435\u043b \u0432\u0441\u0435 \u043e\u0436\u0438\u0434\u0430\u043d\u0438\u044f. \u041a\u0430\u0436\u0434\u044b\u0439 \u044d\u0442\u0430\u043f \u0431\u044b\u043b \u043f\u0440\u043e\u0434\u0443\u043c\u0430\u043d, \u0430 \u043c\u0430\u0442\u0435\u0440\u0438\u0430\u043b\u044b \u043f\u043e\u0434\u043e\u0431\u0440\u0430\u043d\u044b \u0441 \u0443\u0447\u0435\u0442\u043e\u043c \u043c\u043e\u0438\u0445 \u043f\u043e\u0436\u0435\u043b\u0430\u043d\u0438\u0439. \u041e\u0447\u0435\u043d\u044c \u0434\u043e\u0432\u043e\u043b\u0435\u043d!&#8221; Ion C. &#8222;Am apelat la compania dumneavoastr\u0103 pentru renovarea casei la cheie&hellip;","_links":{"self":[{"href":"https:\/\/dimax.md\/ru\/wp-json\/wp\/v2\/pages\/16","targetHints":{"allow":["GET"]}}],"collection":[{"href":"https:\/\/dimax.md\/ru\/wp-json\/wp\/v2\/pages"}],"about":[{"href":"https:\/\/dimax.md\/ru\/wp-json\/wp\/v2\/types\/page"}],"author":[{"embeddable":true,"href":"https:\/\/dimax.md\/ru\/wp-json\/wp\/v2\/users\/33"}],"replies":[{"embeddable":true,"href":"https:\/\/dimax.md\/ru\/wp-json\/wp\/v2\/comments?post=16"}],"version-history":[{"count":48,"href":"https:\/\/dimax.md\/ru\/wp-json\/wp\/v2\/pages\/16\/revisions"}],"predecessor-version":[{"id":3693,"href":"https:\/\/dimax.md\/ru\/wp-json\/wp\/v2\/pages\/16\/revisions\/3693"}],"wp:attachment":[{"href":"https:\/\/dimax.md\/ru\/wp-json\/wp\/v2\/media?parent=16"}],"curies":[{"name":"wp","href":"https:\/\/api.w.org\/{rel}","templated":true}]}}